{"id":11312,"date":"2025-01-27T11:22:47","date_gmt":"2025-01-27T08:22:47","guid":{"rendered":"https:\/\/digifabric.ee\/pricing-policy\/"},"modified":"2025-05-21T15:56:47","modified_gmt":"2025-05-21T12:56:47","slug":"pricing-policy","status":"publish","type":"page","link":"https:\/\/digifabric.ee\/en\/pricing-policy\/","title":{"rendered":"Sales terms"},"content":{"rendered":"<div class=\"wpb-content-wrapper\"><p>[vc_row][vc_column width=&#8221;1\/6&#8243;][\/vc_column][vc_column width=&#8221;2\/3&#8243;][vc_column_text css=&#8221;&#8221; woodmart_inline=&#8221;no&#8221; text_larger=&#8221;no&#8221;]<\/p>\n<h3><span style=\"font-weight: 400;\">Pricing Policy<\/span><\/h3>\n<p style=\"font-weight: 400;\">On our website <strong>digifabric.ee<\/strong>, you can find the prices of our fabrics, which include the printing cost based on the ordered quantity.<\/p>\n<p style=\"font-weight: 400;\">From time to time, we reserve the right to change the prices listed on the website, but this does not affect orders that are already in progress.<\/p>\n<p style=\"font-weight: 400;\">The prices indicated on the website are exclusive of VAT.<\/p>\n<p style=\"font-weight: 400;\">In addition to the product price, shipping costs must also be considered, and you will be informed of these before making the payment.<\/p>\n<h3><span style=\"font-weight: 400;\">Company details<\/span><\/h3>\n<p>Company: Traux O\u00dc<br \/>\nReg. code: 14657726<br \/>\nVAT nr.: 102792177<br \/>\nAddress: Sooserva, Neeruti k\u00fcla, Otep\u00e4\u00e4 vald, Valgamaa 67505<\/p>\n<h3><span style=\"font-weight: 400;\">Payment Terms<\/span><\/h3>\n<p style=\"font-weight: 400;\">During the checkout process, you must pay for the ordered products according to the total price in the shopping cart.<\/p>\n<p style=\"font-weight: 400;\">We accept the following payment methods:<\/p>\n<ul>\n<li><span style=\"font-weight: 400;\">Visa<\/span><\/li>\n<li><span style=\"font-weight: 400;\">Mastercard<\/span><\/li>\n<li><span style=\"font-weight: 400;\">Bank links<\/span><\/li>\n<\/ul>\n<p data-start=\"112\" data-end=\"215\"><strong data-start=\"112\" data-end=\"215\"><span class=\"_fadeIn_m1hgl_8\">NB! <\/span><span class=\"_fadeIn_m1hgl_8\">When <\/span><span class=\"_fadeIn_m1hgl_8\">paying <\/span><span class=\"_fadeIn_m1hgl_8\">via <\/span><span class=\"_fadeIn_m1hgl_8\">bank <\/span><span class=\"_fadeIn_m1hgl_8\">link, <\/span><span class=\"_fadeIn_m1hgl_8\">be <\/span><span class=\"_fadeIn_m1hgl_8\">sure <\/span><span class=\"_fadeIn_m1hgl_8\">to <\/span><span class=\"_fadeIn_m1hgl_8\">click <\/span><span class=\"_fadeIn_m1hgl_8\">the &#8220;<\/span><span class=\"_fadeIn_m1hgl_8\">Return <\/span><span class=\"_fadeIn_m1hgl_8\">to <\/span><span class=\"_fadeIn_m1hgl_8\">merchant&#8221; <\/span><span class=\"_fadeIn_m1hgl_8\">button <\/span><span class=\"_fadeIn_m1hgl_8\">on <\/span><span class=\"_fadeIn_m1hgl_8\">the <\/span><span class=\"_fadeIn_m1hgl_8\">bank&#8217;s <\/span><span class=\"_fadeIn_m1hgl_8\">page.<\/span><\/strong><\/p>\n<p data-start=\"217\" data-end=\"682\"><span class=\"_fadeIn_m1hgl_8\">Payments <\/span><span class=\"_fadeIn_m1hgl_8\">are <\/span><span class=\"_fadeIn_m1hgl_8\">mediated <\/span><span class=\"_fadeIn_m1hgl_8\">by <\/span><a href=\"https:\/\/maksekeskus.ee\/\"><span class=\"_fadeIn_m1hgl_8\">Maksekeskus <\/span><\/a><span class=\"_fadeIn_m1hgl_8\">AS. <\/span><span class=\"_fadeIn_m1hgl_8\">Payment <\/span><span class=\"_fadeIn_m1hgl_8\">takes <\/span><span class=\"_fadeIn_m1hgl_8\">place <\/span><span class=\"_fadeIn_m1hgl_8\">outside <\/span><span class=\"_fadeIn_m1hgl_8\">the <\/span><span class=\"_fadeIn_m1hgl_8\">Online <\/span><span class=\"_fadeIn_m1hgl_8\">Store <\/span><span class=\"_fadeIn_m1hgl_8\">in <\/span><span class=\"_fadeIn_m1hgl_8\">a <\/span><span class=\"_fadeIn_m1hgl_8\">secure <\/span><span class=\"_fadeIn_m1hgl_8\">environment \u2013 <\/span><span class=\"_fadeIn_m1hgl_8\">when <\/span><span class=\"_fadeIn_m1hgl_8\">paying <\/span><span class=\"_fadeIn_m1hgl_8\">via <\/span><span class=\"_fadeIn_m1hgl_8\">bank <\/span><span class=\"_fadeIn_m1hgl_8\">link, <\/span><span class=\"_fadeIn_m1hgl_8\">in <\/span><span class=\"_fadeIn_m1hgl_8\">the <\/span><span class=\"_fadeIn_m1hgl_8\">secure <\/span><span class=\"_fadeIn_m1hgl_8\">environment <\/span><span class=\"_fadeIn_m1hgl_8\">of <\/span><span class=\"_fadeIn_m1hgl_8\">the <\/span><span class=\"_fadeIn_m1hgl_8\">respective <\/span><span class=\"_fadeIn_m1hgl_8\">bank, <\/span><span class=\"_fadeIn_m1hgl_8\">and <\/span><span class=\"_fadeIn_m1hgl_8\">when <\/span><span class=\"_fadeIn_m1hgl_8\">paying <\/span><span class=\"_fadeIn_m1hgl_8\">by <\/span><span class=\"_fadeIn_m1hgl_8\">credit <\/span><span class=\"_fadeIn_m1hgl_8\">card, <\/span><span class=\"_fadeIn_m1hgl_8\">in <\/span><span class=\"_fadeIn_m1hgl_8\">the <\/span><span class=\"_fadeIn_m1hgl_8\">secure <\/span><span class=\"_fadeIn_m1hgl_8\">environment <\/span><span class=\"_fadeIn_m1hgl_8\">of <\/span><span class=\"_fadeIn_m1hgl_8\">Maksekeskus <\/span><span class=\"_fadeIn_m1hgl_8\">AS. <\/span><span class=\"_fadeIn_m1hgl_8\">The <\/span><span class=\"_fadeIn_m1hgl_8\">seller <\/span><span class=\"_fadeIn_m1hgl_8\">does <\/span><span class=\"_fadeIn_m1hgl_8\">not <\/span><span class=\"_fadeIn_m1hgl_8\">have <\/span><span class=\"_fadeIn_m1hgl_8\">access <\/span><span class=\"_fadeIn_m1hgl_8\">to <\/span><span class=\"_fadeIn_m1hgl_8\">the <\/span><span class=\"_fadeIn_m1hgl_8\">customer&#8217;s <\/span><span class=\"_fadeIn_m1hgl_8\">bank <\/span><span class=\"_fadeIn_m1hgl_8\">or <\/span><span class=\"_fadeIn_m1hgl_8\">credit <\/span><span class=\"_fadeIn_m1hgl_8\">card <\/span><span class=\"_fadeIn_m1hgl_8\">details. <\/span><span class=\"_fadeIn_m1hgl_8\">The <\/span><span class=\"_fadeIn_m1hgl_8\">agreement <\/span><span class=\"_fadeIn_m1hgl_8\">enters <\/span><span class=\"_fadeIn_m1hgl_8\">into <\/span><span class=\"_fadeIn_m1hgl_8\">force <\/span><span class=\"_fadeIn_m1hgl_8\">from <\/span><span class=\"_fadeIn_m1hgl_8\">the <\/span><span class=\"_fadeIn_m1hgl_8\">moment <\/span><span class=\"_fadeIn_m1hgl_8\">the <\/span><span class=\"_fadeIn_m1hgl_8\">payable <\/span><span class=\"_fadeIn_m1hgl_8\">amount <\/span><span class=\"_fadeIn_m1hgl_8\">is <\/span><span class=\"_fadeIn_m1hgl_8\">received <\/span><span class=\"_fadeIn_m1hgl_8\">in <\/span><span class=\"_fadeIn_m1hgl_8\">the <\/span><span class=\"_fadeIn_m1hgl_8\">Online <\/span><span class=\"_fadeIn_m1hgl_8\">Store&#8217;s <\/span><span class=\"_fadeIn_m1hgl_8\">settlement <\/span><span class=\"_fadeIn_m1hgl_8\">account.<\/span><\/p>\n<p data-start=\"684\" data-end=\"872\"><span class=\"_fadeIn_m1hgl_8\">The <\/span><span class=\"_fadeIn_m1hgl_8\">owner <\/span><span class=\"_fadeIn_m1hgl_8\">of <\/span><span class=\"_fadeIn_m1hgl_8\">the <\/span><span class=\"_fadeIn_m1hgl_8\">Online <\/span><span class=\"_fadeIn_m1hgl_8\">Store <\/span><span class=\"_fadeIn_m1hgl_8\">is <\/span><span class=\"_fadeIn_m1hgl_8\">the <\/span><span class=\"_fadeIn_m1hgl_8\">responsible <\/span><span class=\"_fadeIn_m1hgl_8\">processor <\/span><span class=\"_fadeIn_m1hgl_8\">of <\/span><span class=\"_fadeIn_m1hgl_8\">personal <\/span><span class=\"_fadeIn_m1hgl_8\">data <\/span><span class=\"_fadeIn_m1hgl_8\">and <\/span><span class=\"_fadeIn_m1hgl_8\">forwards <\/span><span class=\"_fadeIn_m1hgl_8\">the <\/span><span class=\"_fadeIn_m1hgl_8\">personal <\/span><span class=\"_fadeIn_m1hgl_8\">data <\/span><span class=\"_fadeIn_m1hgl_8\">necessary <\/span><span class=\"_fadeIn_m1hgl_8\">for <\/span><span class=\"_fadeIn_m1hgl_8\">processing <\/span><span class=\"_fadeIn_m1hgl_8\">the <\/span><span class=\"_fadeIn_m1hgl_8\">payments <\/span><span class=\"_fadeIn_m1hgl_8\">to <\/span><span class=\"_fadeIn_m1hgl_8\">the <\/span><span class=\"_fadeIn_m1hgl_8\">authorized <\/span><span class=\"_fadeIn_m1hgl_8\">processor <\/span><span class=\"_fadeIn_m1hgl_8\">Maksekeskus <\/span><span class=\"_fadeIn_m1hgl_8\">AS.<\/span><\/p>\n<p style=\"font-weight: 400;\">If you fail to pay the amount due for an order, we reserve the right to withhold the ordered products and\/or cancel the order.<\/p>\n<p style=\"font-weight: 400;\">If you initiate an unjustified chargeback on your credit card, debit card, or other payment method, you are required to reimburse us within <strong>3 days<\/strong> of the date of our written request:<\/p>\n<ul>\n<li><span style=\"font-weight: 400;\">an amount equal to the chargeback;<\/span><\/li>\n<li><span style=\"font-weight: 400;\">all third-party costs incurred by us due to the chargeback (including fees charged by our or your bank, payment processor, or card issuer).<\/span><\/li>\n<\/ul>\n<p style=\"font-weight: 400;\">Purchases from the <strong>digifabric.ee<\/strong> online store are subject to the applicable <strong>Law of Obligations Act (V\u00d5S)<\/strong>, <strong>Consumer Protection Act (TKS)<\/strong>, and other relevant laws of the Republic of Estonia.<\/p>\n<h3><span style=\"font-weight: 400;\">Delivery terms<\/span><\/h3>\n<p><span class=\"_fadeIn_m1hgl_8\">The <\/span><span class=\"_fadeIn_m1hgl_8\">delivery <\/span><span class=\"_fadeIn_m1hgl_8\">terms <\/span><span class=\"_fadeIn_m1hgl_8\">and <\/span><span class=\"_fadeIn_m1hgl_8\">price <\/span><span class=\"_fadeIn_m1hgl_8\">lists <\/span><span class=\"_fadeIn_m1hgl_8\">are <\/span><span class=\"_fadeIn_m1hgl_8\">described <\/span><span class=\"_fadeIn_m1hgl_8\">on <\/span><span class=\"_fadeIn_m1hgl_8\">the <\/span><span class=\"_fadeIn_m1hgl_8\">subpage: <\/span><a href=\"https:\/\/digifabric.ee\/en\/delivery-terms\/\"><span class=\"_fadeIn_m1hgl_8\">Delivery <\/span><\/a><span class=\"_fadeIn_m1hgl_8\">Terms.<\/span><\/p>\n<h3><span style=\"font-weight: 400;\">Order Cancellation<\/span><\/h3>\n<p style=\"font-weight: 400;\">You can modify or cancel your order for free if it is still in the queue (<strong>within 12 hours<\/strong> for regular orders, <strong>within 4 hours<\/strong> for express orders). If your order has already been fulfilled or is in progress, it cannot be canceled or modified.<\/p>\n<p style=\"font-weight: 400;\">If you cancel your order within the specified time, you will receive a <strong>full refund<\/strong>, including the order amount and shipping costs.<\/p>\n<ul>\n<li>According to the law, the buyer must be refunded within 14 days.<\/li>\n<\/ul>\n<p style=\"font-weight: 400;\">Refunds will be issued to the same bank account used for payment.<\/p>\n<h3><span style=\"font-weight: 400;\">Returns<\/span><\/h3>\n<p style=\"font-weight: 400;\">DigiFabric accepts returns for ordered products only if:<\/p>\n<ul>\n<li><span style=\"font-weight: 400;\">they have <strong>manufacturing defects<\/strong>;<\/span><\/li>\n<li><span style=\"font-weight: 400;\">the order was <strong>incorrectly produced<\/strong>.<\/span><\/li>\n<\/ul>\n<p style=\"font-weight: 400;\">To request a return, you must submit a request via email to <a href=\"mailto:info@digifabric.ee\">info@digifabric.ee<\/a> within <strong>14 days<\/strong> of receiving the goods.<\/p>\n<p style=\"font-weight: 400;\">We may require <strong>photo evidence<\/strong> and\/or the return of the products.<\/p>\n<p style=\"font-weight: 400;\">The <strong>customer bears the full cost of returning the goods<\/strong>.<\/p>\n<p style=\"font-weight: 400;\">The customer is not required to return the goods via a logistics company if DigiFabric agrees to collect them directly.<\/p>\n<p style=\"font-weight: 400;\">Refunds will be made to the same bank account used for payment.<\/p>\n<p style=\"font-weight: 400;\">Refunds <strong>are not issued<\/strong> in the following cases:<\/p>\n<ul>\n<li><span style=\"font-weight: 400;\">damage occurring during shipping;<\/span><\/li>\n<li><span style=\"font-weight: 400;\">delays in delivery;<\/span><\/li>\n<li><span style=\"font-weight: 400;\">subjective dissatisfaction (e.g., color mismatch, fabric texture, or other cognitive perceptions).<\/span><\/li>\n<\/ul>\n<p>&nbsp;[\/vc_column_text][\/vc_column][vc_column width=&#8221;1\/6&#8243;][\/vc_column][\/vc_row]<\/p>\n<\/div>","protected":false},"excerpt":{"rendered":"<p>[vc_row][vc_column width=&#8221;1\/6&#8243;][\/vc_column][vc_column width=&#8221;2\/3&#8243;][vc_column_text css=&#8221;&#8221; woodmart_inline=&#8221;no&#8221; text_larger=&#8221;no&#8221;] Pricing Policy On our website digifabric.ee, you can find the prices of our fabrics,<\/p>\n","protected":false},"author":1,"featured_media":0,"parent":0,"menu_order":0,"comment_status":"closed","ping_status":"closed","template":"","meta":{"_acf_changed":false,"footnotes":""},"class_list":["post-11312","page","type-page","status-publish","hentry"],"acf":[],"yoast_head":"<!-- This site is optimized with the Yoast SEO plugin v27.0 - https:\/\/yoast.com\/product\/yoast-seo-wordpress\/ -->\n<title>Sales terms - Digifabric - Digitr\u00fcki t\u00f6\u00f6koda<\/title>\n<meta name=\"robots\" content=\"index, follow, max-snippet:-1, max-image-preview:large, max-video-preview:-1\" \/>\n<link rel=\"canonical\" href=\"https:\/\/digifabric.ee\/en\/pricing-policy\/\" \/>\n<meta property=\"og:locale\" content=\"en_US\" \/>\n<meta property=\"og:type\" content=\"article\" \/>\n<meta property=\"og:title\" content=\"Sales terms - Digifabric - Digitr\u00fcki t\u00f6\u00f6koda\" \/>\n<meta property=\"og:description\" content=\"[vc_row][vc_column width=&#8221;1\/6&#8243;][\/vc_column][vc_column width=&#8221;2\/3&#8243;][vc_column_text css=&#8221;&#8221; woodmart_inline=&#8221;no&#8221; text_larger=&#8221;no&#8221;] Pricing Policy On our website digifabric.ee, you can find the prices of our fabrics,\" \/>\n<meta property=\"og:url\" content=\"https:\/\/digifabric.ee\/en\/pricing-policy\/\" \/>\n<meta property=\"og:site_name\" content=\"Digifabric - Digitr\u00fcki t\u00f6\u00f6koda\" \/>\n<meta property=\"article:modified_time\" content=\"2025-05-21T12:56:47+00:00\" \/>\n<meta name=\"twitter:card\" content=\"summary_large_image\" \/>\n<meta name=\"twitter:label1\" content=\"Est. reading time\" \/>\n\t<meta name=\"twitter:data1\" content=\"3 minutes\" \/>\n<script type=\"application\/ld+json\" class=\"yoast-schema-graph\">{\"@context\":\"https:\/\/schema.org\",\"@graph\":[{\"@type\":\"WebPage\",\"@id\":\"https:\/\/digifabric.ee\/en\/pricing-policy\/\",\"url\":\"https:\/\/digifabric.ee\/en\/pricing-policy\/\",\"name\":\"Sales terms - Digifabric - Digitr\u00fcki t\u00f6\u00f6koda\",\"isPartOf\":{\"@id\":\"https:\/\/digifabric.ee\/en\/#website\"},\"datePublished\":\"2025-01-27T08:22:47+00:00\",\"dateModified\":\"2025-05-21T12:56:47+00:00\",\"breadcrumb\":{\"@id\":\"https:\/\/digifabric.ee\/en\/pricing-policy\/#breadcrumb\"},\"inLanguage\":\"en-US\",\"potentialAction\":[{\"@type\":\"ReadAction\",\"target\":[\"https:\/\/digifabric.ee\/en\/pricing-policy\/\"]}]},{\"@type\":\"BreadcrumbList\",\"@id\":\"https:\/\/digifabric.ee\/en\/pricing-policy\/#breadcrumb\",\"itemListElement\":[{\"@type\":\"ListItem\",\"position\":1,\"name\":\"Home\",\"item\":\"https:\/\/digifabric.ee\/en\/homepage\/\"},{\"@type\":\"ListItem\",\"position\":2,\"name\":\"Sales terms\"}]},{\"@type\":\"WebSite\",\"@id\":\"https:\/\/digifabric.ee\/en\/#website\",\"url\":\"https:\/\/digifabric.ee\/en\/\",\"name\":\"Digifabric - Digitr\u00fcki t\u00f6\u00f6koda\",\"description\":\"\",\"publisher\":{\"@id\":\"https:\/\/digifabric.ee\/en\/#organization\"},\"potentialAction\":[{\"@type\":\"SearchAction\",\"target\":{\"@type\":\"EntryPoint\",\"urlTemplate\":\"https:\/\/digifabric.ee\/en\/?s={search_term_string}\"},\"query-input\":{\"@type\":\"PropertyValueSpecification\",\"valueRequired\":true,\"valueName\":\"search_term_string\"}}],\"inLanguage\":\"en-US\"},{\"@type\":\"Organization\",\"@id\":\"https:\/\/digifabric.ee\/en\/#organization\",\"name\":\"Digifabric - Digitr\u00fcki t\u00f6\u00f6koda\",\"url\":\"https:\/\/digifabric.ee\/en\/\",\"logo\":{\"@type\":\"ImageObject\",\"inLanguage\":\"en-US\",\"@id\":\"https:\/\/digifabric.ee\/en\/#\/schema\/logo\/image\/\",\"url\":\"https:\/\/digifabric.ee\/wp-content\/uploads\/2025\/02\/LOGO-2-e1739801915824.png\",\"contentUrl\":\"https:\/\/digifabric.ee\/wp-content\/uploads\/2025\/02\/LOGO-2-e1739801915824.png\",\"width\":2160,\"height\":1577,\"caption\":\"Digifabric - Digitr\u00fcki t\u00f6\u00f6koda\"},\"image\":{\"@id\":\"https:\/\/digifabric.ee\/en\/#\/schema\/logo\/image\/\"}}]}<\/script>\n<!-- \/ Yoast SEO plugin. -->","yoast_head_json":{"title":"Sales terms - Digifabric - Digitr\u00fcki t\u00f6\u00f6koda","robots":{"index":"index","follow":"follow","max-snippet":"max-snippet:-1","max-image-preview":"max-image-preview:large","max-video-preview":"max-video-preview:-1"},"canonical":"https:\/\/digifabric.ee\/en\/pricing-policy\/","og_locale":"en_US","og_type":"article","og_title":"Sales terms - Digifabric - Digitr\u00fcki t\u00f6\u00f6koda","og_description":"[vc_row][vc_column width=&#8221;1\/6&#8243;][\/vc_column][vc_column width=&#8221;2\/3&#8243;][vc_column_text css=&#8221;&#8221; woodmart_inline=&#8221;no&#8221; text_larger=&#8221;no&#8221;] Pricing Policy On our website digifabric.ee, you can find the prices of our fabrics,","og_url":"https:\/\/digifabric.ee\/en\/pricing-policy\/","og_site_name":"Digifabric - Digitr\u00fcki t\u00f6\u00f6koda","article_modified_time":"2025-05-21T12:56:47+00:00","twitter_card":"summary_large_image","twitter_misc":{"Est. reading time":"3 minutes"},"schema":{"@context":"https:\/\/schema.org","@graph":[{"@type":"WebPage","@id":"https:\/\/digifabric.ee\/en\/pricing-policy\/","url":"https:\/\/digifabric.ee\/en\/pricing-policy\/","name":"Sales terms - Digifabric - Digitr\u00fcki t\u00f6\u00f6koda","isPartOf":{"@id":"https:\/\/digifabric.ee\/en\/#website"},"datePublished":"2025-01-27T08:22:47+00:00","dateModified":"2025-05-21T12:56:47+00:00","breadcrumb":{"@id":"https:\/\/digifabric.ee\/en\/pricing-policy\/#breadcrumb"},"inLanguage":"en-US","potentialAction":[{"@type":"ReadAction","target":["https:\/\/digifabric.ee\/en\/pricing-policy\/"]}]},{"@type":"BreadcrumbList","@id":"https:\/\/digifabric.ee\/en\/pricing-policy\/#breadcrumb","itemListElement":[{"@type":"ListItem","position":1,"name":"Home","item":"https:\/\/digifabric.ee\/en\/homepage\/"},{"@type":"ListItem","position":2,"name":"Sales terms"}]},{"@type":"WebSite","@id":"https:\/\/digifabric.ee\/en\/#website","url":"https:\/\/digifabric.ee\/en\/","name":"Digifabric - Digitr\u00fcki t\u00f6\u00f6koda","description":"","publisher":{"@id":"https:\/\/digifabric.ee\/en\/#organization"},"potentialAction":[{"@type":"SearchAction","target":{"@type":"EntryPoint","urlTemplate":"https:\/\/digifabric.ee\/en\/?s={search_term_string}"},"query-input":{"@type":"PropertyValueSpecification","valueRequired":true,"valueName":"search_term_string"}}],"inLanguage":"en-US"},{"@type":"Organization","@id":"https:\/\/digifabric.ee\/en\/#organization","name":"Digifabric - Digitr\u00fcki t\u00f6\u00f6koda","url":"https:\/\/digifabric.ee\/en\/","logo":{"@type":"ImageObject","inLanguage":"en-US","@id":"https:\/\/digifabric.ee\/en\/#\/schema\/logo\/image\/","url":"https:\/\/digifabric.ee\/wp-content\/uploads\/2025\/02\/LOGO-2-e1739801915824.png","contentUrl":"https:\/\/digifabric.ee\/wp-content\/uploads\/2025\/02\/LOGO-2-e1739801915824.png","width":2160,"height":1577,"caption":"Digifabric - Digitr\u00fcki t\u00f6\u00f6koda"},"image":{"@id":"https:\/\/digifabric.ee\/en\/#\/schema\/logo\/image\/"}}]}},"_links":{"self":[{"href":"https:\/\/digifabric.ee\/en\/wp-json\/wp\/v2\/pages\/11312","targetHints":{"allow":["GET"]}}],"collection":[{"href":"https:\/\/digifabric.ee\/en\/wp-json\/wp\/v2\/pages"}],"about":[{"href":"https:\/\/digifabric.ee\/en\/wp-json\/wp\/v2\/types\/page"}],"author":[{"embeddable":true,"href":"https:\/\/digifabric.ee\/en\/wp-json\/wp\/v2\/users\/1"}],"replies":[{"embeddable":true,"href":"https:\/\/digifabric.ee\/en\/wp-json\/wp\/v2\/comments?post=11312"}],"version-history":[{"count":5,"href":"https:\/\/digifabric.ee\/en\/wp-json\/wp\/v2\/pages\/11312\/revisions"}],"predecessor-version":[{"id":11802,"href":"https:\/\/digifabric.ee\/en\/wp-json\/wp\/v2\/pages\/11312\/revisions\/11802"}],"wp:attachment":[{"href":"https:\/\/digifabric.ee\/en\/wp-json\/wp\/v2\/media?parent=11312"}],"curies":[{"name":"wp","href":"https:\/\/api.w.org\/{rel}","templated":true}]}}